{"id":32,"date":"2022-08-19T16:35:16","date_gmt":"2022-08-19T16:35:16","guid":{"rendered":"https:\/\/thepraysingvoice.ch\/?page_id=32"},"modified":"2022-10-05T11:49:45","modified_gmt":"2022-10-05T11:49:45","slug":"kontakt","status":"publish","type":"page","link":"https:\/\/thepraysingvoice.ch\/?page_id=32","title":{"rendered":"KONTAKT"},"content":{"rendered":"\n<div class=\"wp-block-columns is-layout-flex wp-container-core-columns-is-layout-9d6595d7 wp-block-columns-is-layout-flex\">\n<div class=\"wp-block-column is-layout-flow wp-block-column-is-layout-flow\">\n<p>Herzlichen Dank f\u00fcr dein Interesse.<\/p>\n\n\n\n<p>Hast du Fragen, m\u00f6chtest du dich anmelden oder ein unverbindliches<br>Orientierungsgespr\u00e4ch anfragen? Bitte f\u00fclle das Kontaktformular aus.<\/p>\n\n\n\n<p><strong>Ich freue mich auf deine Nachricht.<\/strong><\/p>\n<\/div>\n\n\n\n<div class=\"wp-block-column is-vertically-aligned-top is-layout-flow wp-block-column-is-layout-flow\">\n<blockquote class=\"wp-block-quote has-text-align-center is-layout-flow wp-block-quote-is-layout-flow\"><p>&#8220;Mache dich auf, werde licht; denn dein Licht kommt, und die Herrlichkeit des Herrn geht auf \u00fcber dir!&#8221;<\/p><cite>Jesaja 60:1<\/cite><\/blockquote>\n<\/div>\n<\/div>\n\n\n\n<div class=\"wp-block-columns is-layout-flex wp-container-core-columns-is-layout-9d6595d7 wp-block-columns-is-layout-flex\">\n<div class=\"wp-block-column is-vertically-aligned-top is-layout-flow wp-block-column-is-layout-flow\">\n<div class=\"wp-block-contact-form-7-contact-form-selector\"><div role=\"form\" class=\"wpcf7\" id=\"wpcf7-f405-o1\" lang=\"nl-NL\" dir=\"ltr\">\n<div class=\"screen-reader-response\"><p role=\"status\" aria-live=\"polite\" aria-atomic=\"true\"><\/p> <ul><\/ul><\/div>\n<form action=\"\/index.php?rest_route=%2Fwp%2Fv2%2Fpages%2F32#wpcf7-f405-o1\" method=\"post\" class=\"wpcf7-form init\" novalidate=\"novalidate\" data-status=\"init\">\n<div style=\"display: none;\">\n<input type=\"hidden\" name=\"_wpcf7\" value=\"405\" \/>\n<input type=\"hidden\" name=\"_wpcf7_version\" value=\"5.6.3\" \/>\n<input type=\"hidden\" name=\"_wpcf7_locale\" value=\"nl_NL\" \/>\n<input type=\"hidden\" name=\"_wpcf7_unit_tag\" value=\"wpcf7-f405-o1\" \/>\n<input type=\"hidden\" name=\"_wpcf7_container_post\" value=\"0\" \/>\n<input type=\"hidden\" name=\"_wpcf7_posted_data_hash\" value=\"\" \/>\n<\/div>\n<p><label> Vorname:<br \/>\n    <span class=\"wpcf7-form-control-wrap\" data-name=\"vor-name\"><input type=\"text\" name=\"vor-name\" value=\"\" size=\"40\" class=\"wpcf7-form-control wpcf7-text wpcf7-validates-as-required\" aria-required=\"true\" aria-invalid=\"false\" \/><\/span> <\/label><\/p>\n<p><label> Nachname:<br \/>\n    <span class=\"wpcf7-form-control-wrap\" data-name=\"nach-name\"><input type=\"text\" name=\"nach-name\" value=\"\" size=\"40\" class=\"wpcf7-form-control wpcf7-text wpcf7-validates-as-required\" aria-required=\"true\" aria-invalid=\"false\" \/><\/span> <\/label><\/p>\n<p><label> Strasse\/Nr.:<br \/>\n    <span class=\"wpcf7-form-control-wrap\" data-name=\"stras-name\"><input type=\"text\" name=\"stras-name\" value=\"\" size=\"40\" class=\"wpcf7-form-control wpcf7-text wpcf7-validates-as-required\" aria-required=\"true\" aria-invalid=\"false\" \/><\/span> <\/label><\/p>\n<p><label> PLZ\/Ort:<br \/>\n    <span class=\"wpcf7-form-control-wrap\" data-name=\"plzort-name\"><input type=\"text\" name=\"plzort-name\" value=\"\" size=\"40\" class=\"wpcf7-form-control wpcf7-text wpcf7-validates-as-required\" aria-required=\"true\" aria-invalid=\"false\" \/><\/span> <\/label><\/p>\n<p><label> Geburtsdatum:<br \/>\n    <span class=\"wpcf7-form-control-wrap\" data-name=\"geburt-name\"><input type=\"text\" name=\"geburt-name\" value=\"\" size=\"40\" class=\"wpcf7-form-control wpcf7-text wpcf7-validates-as-required\" aria-required=\"true\" aria-invalid=\"false\" \/><\/span> <\/label><\/p>\n<p><label> E-Mail:<br \/>\n    <span class=\"wpcf7-form-control-wrap\" data-name=\"your-email\"><input type=\"email\" name=\"your-email\" value=\"\" size=\"40\" class=\"wpcf7-form-control wpcf7-text wpcf7-email wpcf7-validates-as-required wpcf7-validates-as-email\" aria-required=\"true\" aria-invalid=\"false\" \/><\/span> <\/label><\/p>\n<p><label> Telefon:<br \/>\n    <span class=\"wpcf7-form-control-wrap\" data-name=\"your-subject\"><input type=\"tel\" name=\"your-subject\" value=\"\" size=\"40\" class=\"wpcf7-form-control wpcf7-text wpcf7-tel wpcf7-validates-as-required wpcf7-validates-as-tel\" aria-required=\"true\" aria-invalid=\"false\" \/><\/span> <\/label><\/p>\n<p><label> Bericht:<br \/>\n    <span class=\"wpcf7-form-control-wrap\" data-name=\"your-message\"><textarea name=\"your-message\" cols=\"40\" rows=\"10\" class=\"wpcf7-form-control wpcf7-textarea\" aria-invalid=\"false\"><\/textarea><\/span> <\/label><\/p>\n<p><input type=\"submit\" value=\"Senden\" class=\"wpcf7-form-control has-spinner wpcf7-submit\" \/><\/p>\n<div class=\"wpcf7-response-output\" aria-hidden=\"true\"><\/div><\/form><\/div><\/div>\n<\/div>\n\n\n\n<div class=\"wp-block-column is-vertically-aligned-top is-layout-flow wp-block-column-is-layout-flow\">\n<figure class=\"wp-block-image size-large\"><img loading=\"lazy\" decoding=\"async\" width=\"683\" height=\"1024\" src=\"https:\/\/thepraysingvoice.ch\/wp-content\/uploads\/2022\/10\/6I5A9395-1-683x1024.jpg\" alt=\"\" class=\"wp-image-474\" srcset=\"https:\/\/thepraysingvoice.ch\/wp-content\/uploads\/2022\/10\/6I5A9395-1-683x1024.jpg 683w, https:\/\/thepraysingvoice.ch\/wp-content\/uploads\/2022\/10\/6I5A9395-1-200x300.jpg 200w, https:\/\/thepraysingvoice.ch\/wp-content\/uploads\/2022\/10\/6I5A9395-1-768x1152.jpg 768w, https:\/\/thepraysingvoice.ch\/wp-content\/uploads\/2022\/10\/6I5A9395-1-1024x1536.jpg 1024w, https:\/\/thepraysingvoice.ch\/wp-content\/uploads\/2022\/10\/6I5A9395-1-1365x2048.jpg 1365w, https:\/\/thepraysingvoice.ch\/wp-content\/uploads\/2022\/10\/6I5A9395-1-427x640.jpg 427w, https:\/\/thepraysingvoice.ch\/wp-content\/uploads\/2022\/10\/6I5A9395-1-scaled.jpg 1707w\" sizes=\"auto, (max-width: 683px) 100vw, 683px\" \/><\/figure>\n\n\n\n<p class=\"has-text-align-center\"><strong>The Pray-Sing Voice<\/strong><\/p>\n\n\n\n<p class=\"has-text-align-center\">Muriel Zwart-Fl\u00fcckiger<\/p>\n\n\n\n<p class=\"has-text-align-center\">E-Mail: <a href=\"mailto:info@thepraysingvoice.ch\">info@thepraysingvoice.ch<\/a><\/p>\n\n\n\n<p class=\"has-text-align-center\">Tel: +31 (0)6 2548 2324<\/p>\n<\/div>\n<\/div>\n\n\n\n<p><strong>Herzlichen Dank f\u00fcr deine Mail.<\/strong><\/p>\n","protected":false},"excerpt":{"rendered":"<p>Herzlichen Dank f\u00fcr dein Interesse. Hast du Fragen, m\u00f6chtest du dich anmelden oder ein unverbindlichesOrientierungsgespr\u00e4ch anfragen? Bitte f\u00fclle das Kontaktformular aus. Ich freue mich auf deine Nachricht. &#8220;Mache dich auf, werde licht; denn dein Licht kommt, und die Herrlichkeit des Herrn geht auf \u00fcber&#8230;<\/p>\n","protected":false},"author":1,"featured_media":0,"parent":0,"menu_order":8,"comment_status":"open","ping_status":"closed","template":"","meta":{"footnotes":""},"class_list":["post-32","page","type-page","status-publish","hentry"],"_links":{"self":[{"href":"https:\/\/thepraysingvoice.ch\/index.php?rest_route=\/wp\/v2\/pages\/32","targetHints":{"allow":["GET"]}}],"collection":[{"href":"https:\/\/thepraysingvoice.ch\/index.php?rest_route=\/wp\/v2\/pages"}],"about":[{"href":"https:\/\/thepraysingvoice.ch\/index.php?rest_route=\/wp\/v2\/types\/page"}],"author":[{"embeddable":true,"href":"https:\/\/thepraysingvoice.ch\/index.php?rest_route=\/wp\/v2\/users\/1"}],"replies":[{"embeddable":true,"href":"https:\/\/thepraysingvoice.ch\/index.php?rest_route=%2Fwp%2Fv2%2Fcomments&post=32"}],"version-history":[{"count":36,"href":"https:\/\/thepraysingvoice.ch\/index.php?rest_route=\/wp\/v2\/pages\/32\/revisions"}],"predecessor-version":[{"id":483,"href":"https:\/\/thepraysingvoice.ch\/index.php?rest_route=\/wp\/v2\/pages\/32\/revisions\/483"}],"wp:attachment":[{"href":"https:\/\/thepraysingvoice.ch\/index.php?rest_route=%2Fwp%2Fv2%2Fmedia&parent=32"}],"curies":[{"name":"wp","href":"https:\/\/api.w.org\/{rel}","templated":true}]}}