{"id":30,"date":"2022-08-19T16:34:47","date_gmt":"2022-08-19T16:34:47","guid":{"rendered":"https:\/\/thepraysingvoice.ch\/?page_id=30"},"modified":"2023-01-31T12:23:53","modified_gmt":"2023-01-31T12:23:53","slug":"uber-mich","status":"publish","type":"page","link":"https:\/\/thepraysingvoice.ch\/?page_id=30","title":{"rendered":"\u00dcBER MICH"},"content":{"rendered":"\n<div class=\"wp-block-columns is-layout-flex wp-container-core-columns-is-layout-9d6595d7 wp-block-columns-is-layout-flex\">\n<div class=\"wp-block-column is-layout-flow wp-block-column-is-layout-flow\">\n<p>Mein Name ist Muriel Zwart-Fl\u00fcckiger. Ich bin ein christlicher Coach, Gesangslehrerin, Chordirigentin und Sopran. Die Musik zieht sich wie ein roter Faden durch mein Leben. Schon als M\u00e4dchen sang ich viel und spielte verschiedene Musikinstrumente. Als Teenager begann ich mit w\u00f6chentlichem -Gesangsunterricht. Seit dem Jahr 2006 wohne und arbeite ich in den Niederlanden. Ich studierte an der Schumann Akademie in Utrecht, Musikp\u00e4dagogie mit Hauptfach Klassischer Gesang. 2018 schloss ich die Chordirigentenausbildung (MDO) an dem UCK in Utrecht ab. &nbsp;<\/p>\n\n\n\n<p><strong>Musik<\/strong><br>An Jung und Alt gebe ich Musik- und Gesangsunterricht in geistlich klassischer Musikrichtung.<br>Als Sopranistin singe ich regelm\u00e4ssig \u2013 mal als Solistin, mal als Chormitglied \u2013 in Konzerten in den Niederlanden und der Schweiz.<br>Mit viel Freude war ich Dirigentin des Kinder- und Erwachsenenchors der Holy Trinity Church in Utrecht und des Gospelchors Sparks of Joy in Westbroek (Utrecht). Die Abwechslung zwischen unterrichten, dirigieren und singen erf\u00fcllt mich sehr.<\/p>\n\n\n\n<p><strong>Coaching<\/strong><br>Nebst dem aktiven Musizieren coache ich Menschen, die auf ihrem Lebensweg einen Moment der Begleitung ben\u00f6tigen. Ich glaube, dass jeder Mensch in den Augen Gottes wertvoll ist. Von diesem Ausgangspunkt aus coache ich, damit sie wieder ins Gleichgewicht finden und f\u00fchlen wie wertvoll und geliebt sie von unserem himmlischen Vater sind. Musik kann dabei eine Rolle spielen, muss sie aber nicht. Als christlicher Coach arbeite ich mit der TotalBalance-Methode. Diese Methode erm\u00f6glicht es mir, individuelle Anpassungen und daraus bed\u00fcrfnisgerechtes Coaching anzubieten. (M\u00f6chtest du mehr \u00fcber die TotalBalance-Methode erfahren, klicke <em><a href=\"https:\/\/thepraysingvoice.ch\/?page_id=119\">hier<\/a><\/em> oder schreib mir eine <a href=\"https:\/\/thepraysingvoice.ch\/?page_id=32\">Mail<\/a>.)<\/p>\n<\/div>\n\n\n\n<div class=\"wp-block-column is-vertically-aligned-center is-layout-flow wp-block-column-is-layout-flow\">\n<figure class=\"wp-block-image size-full\"><img loading=\"lazy\" decoding=\"async\" width=\"577\" height=\"867\" src=\"https:\/\/thepraysingvoice.ch\/wp-content\/uploads\/2022\/08\/Foto-Muriel.jpg\" alt=\"\" class=\"wp-image-64\" srcset=\"https:\/\/thepraysingvoice.ch\/wp-content\/uploads\/2022\/08\/Foto-Muriel.jpg 577w, https:\/\/thepraysingvoice.ch\/wp-content\/uploads\/2022\/08\/Foto-Muriel-200x300.jpg 200w, https:\/\/thepraysingvoice.ch\/wp-content\/uploads\/2022\/08\/Foto-Muriel-426x640.jpg 426w\" sizes=\"auto, (max-width: 577px) 100vw, 577px\" \/><\/figure>\n<\/div>\n<\/div>\n\n\n\n<div class=\"wp-block-columns is-layout-flex wp-container-core-columns-is-layout-9d6595d7 wp-block-columns-is-layout-flex\">\n<div class=\"wp-block-column is-layout-flow wp-block-column-is-layout-flow\">\n<figure class=\"wp-block-image size-large\"><img loading=\"lazy\" decoding=\"async\" width=\"1024\" height=\"683\" src=\"https:\/\/thepraysingvoice.ch\/wp-content\/uploads\/2022\/10\/6I5A9525-1024x683.jpg\" alt=\"\" class=\"wp-image-457\" srcset=\"https:\/\/thepraysingvoice.ch\/wp-content\/uploads\/2022\/10\/6I5A9525-1024x683.jpg 1024w, https:\/\/thepraysingvoice.ch\/wp-content\/uploads\/2022\/10\/6I5A9525-300x200.jpg 300w, https:\/\/thepraysingvoice.ch\/wp-content\/uploads\/2022\/10\/6I5A9525-768x512.jpg 768w, https:\/\/thepraysingvoice.ch\/wp-content\/uploads\/2022\/10\/6I5A9525-1536x1024.jpg 1536w, https:\/\/thepraysingvoice.ch\/wp-content\/uploads\/2022\/10\/6I5A9525-2048x1365.jpg 2048w, https:\/\/thepraysingvoice.ch\/wp-content\/uploads\/2022\/10\/6I5A9525-1800x1200.jpg 1800w, https:\/\/thepraysingvoice.ch\/wp-content\/uploads\/2022\/10\/6I5A9525-640x427.jpg 640w\" sizes=\"auto, (max-width: 1024px) 100vw, 1024px\" \/><\/figure>\n<\/div>\n\n\n\n<div class=\"wp-block-column is-layout-flow wp-block-column-is-layout-flow\">\n<p><strong>Warum der Name The Pray-Sing Voice?<\/strong><br>The Pray-Sing Voice habe ich gegr\u00fcndet, weil ich in meinem Leben oft erleben durfte, dass Gott keine Sekunde von meiner Seite weicht. Er ist ein liebevoller Vater und m\u00f6chte ein Teil unseres Lebens sein. Er kennt uns durch und durch und ist bestrebt uns zu helfen, egal womit wir es zu tun haben. Wir k\u00f6nnen unsere Freuden und Sorgen mit Ihm teilen. Und wenn wir eine schwierige Zeit erleben, gibt er uns die Hand oder tr\u00e4gt uns sogar hindurch damit wir uns die F\u00fcsse nicht stossen. &nbsp;<\/p>\n\n\n\n<p>Die heilende Wirkung von Musik und die Verbindung von Psychologie und Theologie faszinieren mich enorm. All dies kommt in The Pray-Sing Voice zusammen. Mein Ausgangspunkt ist, dass beten (Pray) und singen (Sing) wichtige Wege sind, um mit Gott in Verbindung zu treten bzw. zu bleiben. Immer und \u00fcberall k\u00f6nnen wir unsere Stimme (Voice) gebrauchen, indem wir Ihn anrufen oder mit Jubel-Gesang preisen.<\/p>\n<\/div>\n<\/div>\n\n\n\n<blockquote class=\"wp-block-quote has-text-align-center is-layout-flow wp-block-quote-is-layout-flow\">\n<p><strong><span style=\"text-decoration: underline;\">Pray<\/span><\/strong><\/p>\n\n\n\n<p>Seid allezeit fr\u00f6hlich, betet ohne Unterlass, seid dankbar in allen Dingen; denn das ist der Wille Gottes in Christus Jesus an euch.<\/p>\n<cite>1 Thessalonicher 5: 16-18<\/cite><\/blockquote>\n\n\n\n<blockquote class=\"wp-block-quote has-text-align-center is-layout-flow wp-block-quote-is-layout-flow\">\n<p><span style=\"text-decoration: underline;\"><strong>Sing<\/strong> <\/span><\/p>\n\n\n\n<p>Lasst das Wort Christi reichlich unter euch wohnen: Lehrt und ermahnt einander in aller Weisheit; mit Psalmen, Lobges\u00e4ngen und geistlichen Liedern singt Gott dankbar in euren Herzen.<\/p>\n<cite>Kolosser 3: 16<\/cite><\/blockquote>\n\n\n\n<blockquote class=\"wp-block-quote has-text-align-center is-layout-flow wp-block-quote-is-layout-flow\">\n<p><strong><span style=\"text-decoration: underline;\">Voice<\/span><\/strong><\/p>\n\n\n\n<p>Danket dem Herrn und rufet an seinen Namen; verk\u00fcndigt sein Tun unter den V\u00f6lkern!<\/p>\n<cite>Psalm 105: 1<\/cite><\/blockquote>\n\n\n\n<div class=\"wp-block-columns is-layout-flex wp-container-core-columns-is-layout-9d6595d7 wp-block-columns-is-layout-flex\">\n<div class=\"wp-block-column is-layout-flow wp-block-column-is-layout-flow\">\n<p>Jede Person die zu mir kommt, kommt aus einem anderen Grund und das macht meine Arbeit so faszinieren. F\u00fchren dich Blockaden in deinem Leben oder die Musik zu mir, ich freue mich auf deine <a href=\"https:\/\/thepraysingvoice.ch\/?page_id=32\">Kontaktaufnahme<\/a>. Gemeinsam und mit Gottes Hilfe legen wir los, damit deine Seele wieder frei singen kann!<\/p>\n\n\n\n<p>M\u00f6chtest du Gott mit Musik ehren? Oder bist du m\u00fcde und unzufrieden und bist du auf der Suche nach einem neuen Ausgleich? Mit The Pray-Sing Voice helfe ich dir gerne durch pers\u00f6nliches Coaching, Gesangsunterricht, Musikcoaching, Atemtherapie weiter \u2013 damit deine Seele wieder singt!<\/p>\n<\/div>\n\n\n\n<div class=\"wp-block-column is-layout-flow wp-block-column-is-layout-flow\">\n<figure class=\"wp-block-image size-large\"><img loading=\"lazy\" decoding=\"async\" width=\"1024\" height=\"683\" src=\"https:\/\/thepraysingvoice.ch\/wp-content\/uploads\/2022\/10\/6I5A9324-1024x683.jpg\" alt=\"\" class=\"wp-image-471\" srcset=\"https:\/\/thepraysingvoice.ch\/wp-content\/uploads\/2022\/10\/6I5A9324-1024x683.jpg 1024w, https:\/\/thepraysingvoice.ch\/wp-content\/uploads\/2022\/10\/6I5A9324-300x200.jpg 300w, https:\/\/thepraysingvoice.ch\/wp-content\/uploads\/2022\/10\/6I5A9324-768x512.jpg 768w, https:\/\/thepraysingvoice.ch\/wp-content\/uploads\/2022\/10\/6I5A9324-1536x1024.jpg 1536w, https:\/\/thepraysingvoice.ch\/wp-content\/uploads\/2022\/10\/6I5A9324-2048x1365.jpg 2048w, https:\/\/thepraysingvoice.ch\/wp-content\/uploads\/2022\/10\/6I5A9324-1800x1200.jpg 1800w, https:\/\/thepraysingvoice.ch\/wp-content\/uploads\/2022\/10\/6I5A9324-640x427.jpg 640w\" sizes=\"auto, (max-width: 1024px) 100vw, 1024px\" \/><\/figure>\n<\/div>\n<\/div>\n\n\n\n<div class=\"wp-block-columns is-layout-flex wp-container-core-columns-is-layout-9d6595d7 wp-block-columns-is-layout-flex\">\n<div class=\"wp-block-column is-layout-flow wp-block-column-is-layout-flow\">\n<figure class=\"wp-block-image size-medium\"><img loading=\"lazy\" decoding=\"async\" width=\"300\" height=\"300\" src=\"https:\/\/thepraysingvoice.ch\/wp-content\/uploads\/2023\/01\/Keurmerk-2023-1-300x300.png\" alt=\"\" class=\"wp-image-679\" srcset=\"https:\/\/thepraysingvoice.ch\/wp-content\/uploads\/2023\/01\/Keurmerk-2023-1-300x300.png 300w, https:\/\/thepraysingvoice.ch\/wp-content\/uploads\/2023\/01\/Keurmerk-2023-1-150x150.png 150w, https:\/\/thepraysingvoice.ch\/wp-content\/uploads\/2023\/01\/Keurmerk-2023-1.png 500w\" sizes=\"auto, (max-width: 300px) 100vw, 300px\" \/><\/figure>\n<\/div>\n\n\n\n<div class=\"wp-block-column is-vertically-aligned-center is-layout-flow wp-block-column-is-layout-flow\">\n<p><a href=\"https:\/\/www.totalbalance.nl\/totalbalance-keurmerk\/\">Zertifizierte TotalBalance Coach.<\/a><\/p>\n<\/div>\n<\/div>\n","protected":false},"excerpt":{"rendered":"<p>Mein Name ist Muriel Zwart-Fl\u00fcckiger. Ich bin ein christlicher Coach, Gesangslehrerin, Chordirigentin und Sopran. Die Musik zieht sich wie ein roter Faden durch mein Leben. Schon als M\u00e4dchen sang ich viel und spielte verschiedene Musikinstrumente. Als Teenager begann ich mit w\u00f6chentlichem -Gesangsunterricht. Seit dem&#8230;<\/p>\n","protected":false},"author":1,"featured_media":0,"parent":0,"menu_order":7,"comment_status":"closed","ping_status":"closed","template":"","meta":{"footnotes":""},"class_list":["post-30","page","type-page","status-publish","hentry"],"_links":{"self":[{"href":"https:\/\/thepraysingvoice.ch\/index.php?rest_route=\/wp\/v2\/pages\/30","targetHints":{"allow":["GET"]}}],"collection":[{"href":"https:\/\/thepraysingvoice.ch\/index.php?rest_route=\/wp\/v2\/pages"}],"about":[{"href":"https:\/\/thepraysingvoice.ch\/index.php?rest_route=\/wp\/v2\/types\/page"}],"author":[{"embeddable":true,"href":"https:\/\/thepraysingvoice.ch\/index.php?rest_route=\/wp\/v2\/users\/1"}],"replies":[{"embeddable":true,"href":"https:\/\/thepraysingvoice.ch\/index.php?rest_route=%2Fwp%2Fv2%2Fcomments&post=30"}],"version-history":[{"count":21,"href":"https:\/\/thepraysingvoice.ch\/index.php?rest_route=\/wp\/v2\/pages\/30\/revisions"}],"predecessor-version":[{"id":680,"href":"https:\/\/thepraysingvoice.ch\/index.php?rest_route=\/wp\/v2\/pages\/30\/revisions\/680"}],"wp:attachment":[{"href":"https:\/\/thepraysingvoice.ch\/index.php?rest_route=%2Fwp%2Fv2%2Fmedia&parent=30"}],"curies":[{"name":"wp","href":"https:\/\/api.w.org\/{rel}","templated":true}]}}