{"id":28,"date":"2022-08-19T16:34:08","date_gmt":"2022-08-19T16:34:08","guid":{"rendered":"https:\/\/thepraysingvoice.ch\/?page_id=28"},"modified":"2022-10-26T22:10:36","modified_gmt":"2022-10-26T22:10:36","slug":"investition","status":"publish","type":"page","link":"https:\/\/thepraysingvoice.ch\/?page_id=28","title":{"rendered":"Kosten"},"content":{"rendered":"\n<p><strong>Pers\u00f6nliches Coaching<\/strong><strong> und Coaching f\u00fcr (Amateur-)Chor-Dirigenten<\/strong><\/p>\n\n\n\n<p>Nach Erhalt deiner Anfrage, werde ich dich telefonisch kontaktieren. Dies bietet uns die Gelegenheit zu pr\u00fcfen, ob ich f\u00fcr dich die richtige Ansprechperson bin. Selbstverst\u00e4ndlich ist dieses Gespr\u00e4ch <strong>kostenlos<\/strong>.<\/p>\n\n\n\n<p>Meistens dauert die erste Coaching-Sitzung 60-90 Minuten.<\/p>\n\n\n\n<p>Deine Investition in Dich betr\u00e4gt CHF 95.- \/ 60 Minuten.<\/p>\n\n\n\n<div class=\"wp-block-columns is-layout-flex wp-container-core-columns-is-layout-9d6595d7 wp-block-columns-is-layout-flex\">\n<div class=\"wp-block-column is-layout-flow wp-block-column-is-layout-flow\">\n<figure class=\"wp-block-image size-full\"><img loading=\"lazy\" decoding=\"async\" width=\"800\" height=\"800\" src=\"https:\/\/thepraysingvoice.ch\/wp-content\/uploads\/2022\/10\/Over-TotalBalance-coaching-methode.jpg\" alt=\"\" class=\"wp-image-304\" srcset=\"https:\/\/thepraysingvoice.ch\/wp-content\/uploads\/2022\/10\/Over-TotalBalance-coaching-methode.jpg 800w, https:\/\/thepraysingvoice.ch\/wp-content\/uploads\/2022\/10\/Over-TotalBalance-coaching-methode-300x300.jpg 300w, https:\/\/thepraysingvoice.ch\/wp-content\/uploads\/2022\/10\/Over-TotalBalance-coaching-methode-150x150.jpg 150w, https:\/\/thepraysingvoice.ch\/wp-content\/uploads\/2022\/10\/Over-TotalBalance-coaching-methode-768x768.jpg 768w, https:\/\/thepraysingvoice.ch\/wp-content\/uploads\/2022\/10\/Over-TotalBalance-coaching-methode-640x640.jpg 640w\" sizes=\"auto, (max-width: 800px) 100vw, 800px\" \/><\/figure>\n<\/div>\n\n\n\n<div class=\"wp-block-column is-layout-flow wp-block-column-is-layout-flow\">\n<p class=\"has-text-align-left\"><strong><span style=\"text-decoration: underline;\">Pers\u00f6hnliches Coaching, musikalisches &amp; kreatives Coaching<\/span><\/strong><br>Kosten Unterrichtsmaterial: Die einmaligen Kosten f\u00fcr dein eigenes Arbeitsheft der TotalBalance-Methode betragen CHF 25.-.<\/p>\n\n\n\n<p>Die Dauer eines Coachings ist aufgrund der individuellen Bed\u00fcrfnisse nicht generell bezifferbar. W\u00e4hrend der ersten Sitzung lernen wir uns kennen und formulieren gemeinsam deine W\u00fcnsche und Ziele. Auch werden wir mit Hilfe einer kurzen Selbstanalyse herausfinden wo du dich unsicher oder unzufrieden f\u00fchlst. Daraus ergibt sich ein Coaching-Plan, welcher dir eine ungef\u00e4hre \u00dcbersicht \u00fcber den zeitlichen Aufwand verschaffen soll.<\/p>\n<\/div>\n<\/div>\n\n\n\n<div class=\"wp-block-columns is-layout-flex wp-container-core-columns-is-layout-9d6595d7 wp-block-columns-is-layout-flex\">\n<div class=\"wp-block-column is-vertically-aligned-center is-layout-flow wp-block-column-is-layout-flow\">\n<p><strong>Coaching f\u00fcr (Amateur-)Chor-Dirigenten<\/strong><br>Die Dauer eines Coachings ist aufgrund der individuellen Bed\u00fcrfnisse nicht generell bezifferbar. W\u00e4hrend der ersten Sitzung lernen wir uns kennen und formulieren gemeinsam deine W\u00fcnsche und Ziele. Daraus ergibt sich ein Coaching-Plan, welcher dir eine ungef\u00e4hre \u00dcbersicht \u00fcber den zeitlichen Aufwand verschaffen soll.<\/p>\n\n\n\n<p>W\u00e4hrend des Coachings behandeln wir die Theorie und die Praxis. <\/p>\n\n\n\n<p>Falls vorhanden k\u00f6nnen Musikaufnahmen f\u00fcr die gemeinsame Analyse hilfreich sein.<\/p>\n<\/div>\n\n\n\n<div class=\"wp-block-column is-vertically-aligned-top is-layout-flow wp-block-column-is-layout-flow\">\n<p><br><\/p>\n\n\n\n<figure class=\"wp-block-image size-large\"><img loading=\"lazy\" decoding=\"async\" width=\"1024\" height=\"726\" src=\"https:\/\/thepraysingvoice.ch\/wp-content\/uploads\/2022\/10\/Musik-und-Kreativitat-15-1024x726.png\" alt=\"\" class=\"wp-image-451\" srcset=\"https:\/\/thepraysingvoice.ch\/wp-content\/uploads\/2022\/10\/Musik-und-Kreativitat-15-1024x726.png 1024w, https:\/\/thepraysingvoice.ch\/wp-content\/uploads\/2022\/10\/Musik-und-Kreativitat-15-300x213.png 300w, https:\/\/thepraysingvoice.ch\/wp-content\/uploads\/2022\/10\/Musik-und-Kreativitat-15-768x545.png 768w, https:\/\/thepraysingvoice.ch\/wp-content\/uploads\/2022\/10\/Musik-und-Kreativitat-15-1536x1090.png 1536w, https:\/\/thepraysingvoice.ch\/wp-content\/uploads\/2022\/10\/Musik-und-Kreativitat-15-640x454.png 640w, https:\/\/thepraysingvoice.ch\/wp-content\/uploads\/2022\/10\/Musik-und-Kreativitat-15.png 1748w\" sizes=\"auto, (max-width: 1024px) 100vw, 1024px\" \/><\/figure>\n<\/div>\n<\/div>\n\n\n\n<div class=\"wp-block-columns is-layout-flex wp-container-core-columns-is-layout-9d6595d7 wp-block-columns-is-layout-flex\">\n<div class=\"wp-block-column is-layout-flow wp-block-column-is-layout-flow\">\n<figure class=\"wp-block-image size-large\"><img loading=\"lazy\" decoding=\"async\" width=\"1024\" height=\"726\" src=\"https:\/\/thepraysingvoice.ch\/wp-content\/uploads\/2022\/10\/Musik-und-Kreativitat-11-1024x726.png\" alt=\"\" class=\"wp-image-446\" srcset=\"https:\/\/thepraysingvoice.ch\/wp-content\/uploads\/2022\/10\/Musik-und-Kreativitat-11-1024x726.png 1024w, https:\/\/thepraysingvoice.ch\/wp-content\/uploads\/2022\/10\/Musik-und-Kreativitat-11-300x213.png 300w, https:\/\/thepraysingvoice.ch\/wp-content\/uploads\/2022\/10\/Musik-und-Kreativitat-11-768x545.png 768w, https:\/\/thepraysingvoice.ch\/wp-content\/uploads\/2022\/10\/Musik-und-Kreativitat-11-1536x1090.png 1536w, https:\/\/thepraysingvoice.ch\/wp-content\/uploads\/2022\/10\/Musik-und-Kreativitat-11-640x454.png 640w, https:\/\/thepraysingvoice.ch\/wp-content\/uploads\/2022\/10\/Musik-und-Kreativitat-11.png 1748w\" sizes=\"auto, (max-width: 1024px) 100vw, 1024px\" \/><\/figure>\n<\/div>\n\n\n\n<div class=\"wp-block-column is-layout-flow wp-block-column-is-layout-flow\">\n<p><strong>Gesangsunterricht<\/strong><br>Nach Erhalt deiner Anfrage, vereinbaren wir gemeinsam einen Termin.<\/p>\n\n\n\n<p>Der Gesangsunterricht dauert, in Abh\u00e4ngigkeit deiner Bed\u00fcrfnisse 45 oder 60 Minuten.<\/p>\n\n\n\n<p>Deine Investition in deine Gesangsstimme betr\u00e4gt CHF 95.- \/ 60 Minuten. <\/p>\n\n\n\n<p>Als Gesangsp\u00e4dagogin bin ich an dem Niederl\u00e4ndischen Gesangsp\u00e4dagogen Verein (NVZ) angeschlossen.<\/p>\n<\/div>\n<\/div>\n\n\n\n<p><\/p>\n\n\n\n<p><strong>Ort<\/strong><\/p>\n\n\n\n<p>Die Coaching-Gespr\u00e4che und der Unterricht finden in B\u00f6singen, M\u00fchleberg oder online statt.<\/p>\n\n\n\n<p><\/p>\n","protected":false},"excerpt":{"rendered":"<p>Pers\u00f6nliches Coaching und Coaching f\u00fcr (Amateur-)Chor-Dirigenten Nach Erhalt deiner Anfrage, werde ich dich telefonisch kontaktieren. Dies bietet uns die Gelegenheit zu pr\u00fcfen, ob ich f\u00fcr dich die richtige Ansprechperson bin. Selbstverst\u00e4ndlich ist dieses Gespr\u00e4ch kostenlos. Meistens dauert die erste Coaching-Sitzung 60-90 Minuten. Deine Investition&#8230;<\/p>\n","protected":false},"author":1,"featured_media":0,"parent":0,"menu_order":6,"comment_status":"closed","ping_status":"closed","template":"","meta":{"footnotes":""},"class_list":["post-28","page","type-page","status-publish","hentry"],"_links":{"self":[{"href":"https:\/\/thepraysingvoice.ch\/index.php?rest_route=\/wp\/v2\/pages\/28","targetHints":{"allow":["GET"]}}],"collection":[{"href":"https:\/\/thepraysingvoice.ch\/index.php?rest_route=\/wp\/v2\/pages"}],"about":[{"href":"https:\/\/thepraysingvoice.ch\/index.php?rest_route=\/wp\/v2\/types\/page"}],"author":[{"embeddable":true,"href":"https:\/\/thepraysingvoice.ch\/index.php?rest_route=\/wp\/v2\/users\/1"}],"replies":[{"embeddable":true,"href":"https:\/\/thepraysingvoice.ch\/index.php?rest_route=%2Fwp%2Fv2%2Fcomments&post=28"}],"version-history":[{"count":28,"href":"https:\/\/thepraysingvoice.ch\/index.php?rest_route=\/wp\/v2\/pages\/28\/revisions"}],"predecessor-version":[{"id":648,"href":"https:\/\/thepraysingvoice.ch\/index.php?rest_route=\/wp\/v2\/pages\/28\/revisions\/648"}],"wp:attachment":[{"href":"https:\/\/thepraysingvoice.ch\/index.php?rest_route=%2Fwp%2Fv2%2Fmedia&parent=28"}],"curies":[{"name":"wp","href":"https:\/\/api.w.org\/{rel}","templated":true}]}}