{"id":26,"date":"2022-08-19T16:32:45","date_gmt":"2022-08-19T16:32:45","guid":{"rendered":"https:\/\/thepraysingvoice.ch\/?page_id=26"},"modified":"2022-10-26T21:50:04","modified_gmt":"2022-10-26T21:50:04","slug":"sing-zu-seiner-ehre","status":"publish","type":"page","link":"https:\/\/thepraysingvoice.ch\/?page_id=26","title":{"rendered":"Sing zu seiner ehre"},"content":{"rendered":"\n<div class=\"wp-block-columns is-layout-flex wp-container-core-columns-is-layout-9d6595d7 wp-block-columns-is-layout-flex\">\n<div class=\"wp-block-column is-layout-flow wp-block-column-is-layout-flow\">\n<p><strong>Gesangsunterricht<\/strong><\/p>\n\n\n\n<p>M\u00f6chtest du deine Gesangsstimme benutzen, um Gott zu preisen? Willst du besser singen lernen und dadurch deiner Technik einen boost geben? Hast du manchmal M\u00fche die&nbsp;Phrasen bis zum Ende auszusingen oder kriegst du die hohen T\u00f6ne nicht (mehr)? The Pray-Sing Voice bietet Jung und Alt Musik- und Gesangsunterricht in der geistlich klassischen Musikrichtung an. Egal, ob du gerade erst angefangen hast zu singen oder \u00fcber langj\u00e4hrige Erfahrung verf\u00fcgst, ich freue mich auf deine Kontaktaufnahme.<\/p>\n<\/div>\n\n\n\n<div class=\"wp-block-column is-layout-flow wp-block-column-is-layout-flow\">\n<figure class=\"wp-block-image size-large\"><img loading=\"lazy\" decoding=\"async\" width=\"1024\" height=\"726\" src=\"https:\/\/thepraysingvoice.ch\/wp-content\/uploads\/2022\/10\/Musik-und-Kreativitat-6-1024x726.png\" alt=\"\" class=\"wp-image-432\" srcset=\"https:\/\/thepraysingvoice.ch\/wp-content\/uploads\/2022\/10\/Musik-und-Kreativitat-6-1024x726.png 1024w, https:\/\/thepraysingvoice.ch\/wp-content\/uploads\/2022\/10\/Musik-und-Kreativitat-6-300x213.png 300w, https:\/\/thepraysingvoice.ch\/wp-content\/uploads\/2022\/10\/Musik-und-Kreativitat-6-768x545.png 768w, https:\/\/thepraysingvoice.ch\/wp-content\/uploads\/2022\/10\/Musik-und-Kreativitat-6-1536x1090.png 1536w, https:\/\/thepraysingvoice.ch\/wp-content\/uploads\/2022\/10\/Musik-und-Kreativitat-6-640x454.png 640w, https:\/\/thepraysingvoice.ch\/wp-content\/uploads\/2022\/10\/Musik-und-Kreativitat-6.png 1748w\" sizes=\"auto, (max-width: 1024px) 100vw, 1024px\" \/><\/figure>\n<\/div>\n<\/div>\n\n\n\n<div class=\"wp-block-columns is-layout-flex wp-container-core-columns-is-layout-9d6595d7 wp-block-columns-is-layout-flex\">\n<div class=\"wp-block-column is-layout-flow wp-block-column-is-layout-flow\">\n<figure class=\"wp-block-image size-large\"><img loading=\"lazy\" decoding=\"async\" width=\"1024\" height=\"726\" src=\"https:\/\/thepraysingvoice.ch\/wp-content\/uploads\/2022\/10\/Musik-und-Kreativitat-7-1024x726.png\" alt=\"\" class=\"wp-image-437\" srcset=\"https:\/\/thepraysingvoice.ch\/wp-content\/uploads\/2022\/10\/Musik-und-Kreativitat-7-1024x726.png 1024w, https:\/\/thepraysingvoice.ch\/wp-content\/uploads\/2022\/10\/Musik-und-Kreativitat-7-300x213.png 300w, https:\/\/thepraysingvoice.ch\/wp-content\/uploads\/2022\/10\/Musik-und-Kreativitat-7-768x545.png 768w, https:\/\/thepraysingvoice.ch\/wp-content\/uploads\/2022\/10\/Musik-und-Kreativitat-7-1536x1090.png 1536w, https:\/\/thepraysingvoice.ch\/wp-content\/uploads\/2022\/10\/Musik-und-Kreativitat-7-640x454.png 640w, https:\/\/thepraysingvoice.ch\/wp-content\/uploads\/2022\/10\/Musik-und-Kreativitat-7.png 1748w\" sizes=\"auto, (max-width: 1024px) 100vw, 1024px\" \/><\/figure>\n<\/div>\n\n\n\n<div class=\"wp-block-column is-layout-flow wp-block-column-is-layout-flow\">\n<p><strong>Musik-Coaching<\/strong><\/p>\n\n\n\n<p>Musik spricht, wenn Worte versagen! Wenn es dir nicht gut geht, kann dir Musik helfen. Musik tr\u00f6stet und heilt. The Pray-Sing Voice hilft dir auf deinem Weg. Ich bin nicht nur Gesangslehrerin, sondern auch christliche Coach. Mit Hilfe der Musik sollst du in deinem Leben wieder in die Balans kommen.<\/p>\n<\/div>\n<\/div>\n\n\n\n<div class=\"wp-block-columns is-layout-flex wp-container-core-columns-is-layout-9d6595d7 wp-block-columns-is-layout-flex\">\n<div class=\"wp-block-column is-layout-flow wp-block-column-is-layout-flow\">\n<p><strong>Coaching f\u00fcr (Amateur) Chor-Dirigenten<\/strong><\/p>\n\n\n\n<p>Bist du (Amateur) Chordirigent, herzlich willkommen. M\u00f6chtest du deine(n) Chor\/Ch\u00f6re besser singen lernen lassen, merkst du, dass etwas fehlt aber du weist nicht genau was. Oder du m\u00f6chtest selber gern etwas mehr \u00fcber die Gesangstechniken lernen? Ich freue mich dich zu begleiten. Wir werden gemeinsam deine Fragen und Anliegen unter die Lupe nehmen. Musikaufnahmen<a> <\/a>werden uns in unseren Gespr\u00e4chen Unterst\u00fctzung sein. Ich biete ebenfalls an, an einer deiner Chorproben teilzunehmen. Mein Ziel ist es dich effizient und zielgerichtet zu coachen, das heisst: Ich will dir die Techniken und das Wissen weitergeben, damit du dich sicherer f\u00fchlst und deinem Chor ein guter Dirigent sein kannst.<\/p>\n<\/div>\n\n\n\n<div class=\"wp-block-column is-layout-flow wp-block-column-is-layout-flow\">\n<figure class=\"wp-block-image size-large\"><img loading=\"lazy\" decoding=\"async\" width=\"1024\" height=\"726\" src=\"https:\/\/thepraysingvoice.ch\/wp-content\/uploads\/2022\/10\/Musik-und-Kreativitat-9-1024x726.png\" alt=\"\" class=\"wp-image-441\" srcset=\"https:\/\/thepraysingvoice.ch\/wp-content\/uploads\/2022\/10\/Musik-und-Kreativitat-9-1024x726.png 1024w, https:\/\/thepraysingvoice.ch\/wp-content\/uploads\/2022\/10\/Musik-und-Kreativitat-9-300x213.png 300w, https:\/\/thepraysingvoice.ch\/wp-content\/uploads\/2022\/10\/Musik-und-Kreativitat-9-768x545.png 768w, https:\/\/thepraysingvoice.ch\/wp-content\/uploads\/2022\/10\/Musik-und-Kreativitat-9-1536x1090.png 1536w, https:\/\/thepraysingvoice.ch\/wp-content\/uploads\/2022\/10\/Musik-und-Kreativitat-9-640x454.png 640w, https:\/\/thepraysingvoice.ch\/wp-content\/uploads\/2022\/10\/Musik-und-Kreativitat-9.png 1748w\" sizes=\"auto, (max-width: 1024px) 100vw, 1024px\" \/><\/figure>\n<\/div>\n<\/div>\n\n\n\n<div class=\"wp-block-columns is-layout-flex wp-container-core-columns-is-layout-9d6595d7 wp-block-columns-is-layout-flex\">\n<div class=\"wp-block-column is-layout-flow wp-block-column-is-layout-flow\">\n<p><strong>Ort<\/strong><\/p>\n\n\n\n<p>Die Coaching-Gespr\u00e4che und der Unterricht finden in B\u00f6singen, M\u00fchleberg oder online statt.<\/p>\n<\/div>\n<\/div>\n","protected":false},"excerpt":{"rendered":"<p>Gesangsunterricht M\u00f6chtest du deine Gesangsstimme benutzen, um Gott zu preisen? Willst du besser singen lernen und dadurch deiner Technik einen boost geben? Hast du manchmal M\u00fche die&nbsp;Phrasen bis zum Ende auszusingen oder kriegst du die hohen T\u00f6ne nicht (mehr)? The Pray-Sing Voice bietet Jung&#8230;<\/p>\n","protected":false},"author":1,"featured_media":0,"parent":0,"menu_order":5,"comment_status":"closed","ping_status":"closed","template":"","meta":{"footnotes":""},"class_list":["post-26","page","type-page","status-publish","hentry"],"_links":{"self":[{"href":"https:\/\/thepraysingvoice.ch\/index.php?rest_route=\/wp\/v2\/pages\/26","targetHints":{"allow":["GET"]}}],"collection":[{"href":"https:\/\/thepraysingvoice.ch\/index.php?rest_route=\/wp\/v2\/pages"}],"about":[{"href":"https:\/\/thepraysingvoice.ch\/index.php?rest_route=\/wp\/v2\/types\/page"}],"author":[{"embeddable":true,"href":"https:\/\/thepraysingvoice.ch\/index.php?rest_route=\/wp\/v2\/users\/1"}],"replies":[{"embeddable":true,"href":"https:\/\/thepraysingvoice.ch\/index.php?rest_route=%2Fwp%2Fv2%2Fcomments&post=26"}],"version-history":[{"count":13,"href":"https:\/\/thepraysingvoice.ch\/index.php?rest_route=\/wp\/v2\/pages\/26\/revisions"}],"predecessor-version":[{"id":633,"href":"https:\/\/thepraysingvoice.ch\/index.php?rest_route=\/wp\/v2\/pages\/26\/revisions\/633"}],"wp:attachment":[{"href":"https:\/\/thepraysingvoice.ch\/index.php?rest_route=%2Fwp%2Fv2%2Fmedia&parent=26"}],"curies":[{"name":"wp","href":"https:\/\/api.w.org\/{rel}","templated":true}]}}