{"id":24,"date":"2022-08-19T16:30:49","date_gmt":"2022-08-19T16:30:49","guid":{"rendered":"https:\/\/thepraysingvoice.ch\/?page_id=24"},"modified":"2023-01-31T12:22:39","modified_gmt":"2023-01-31T12:22:39","slug":"steh-auf-und-leb","status":"publish","type":"page","link":"https:\/\/thepraysingvoice.ch\/?page_id=24","title":{"rendered":"Stehe auf und Lebe"},"content":{"rendered":"\n<div class=\"wp-block-columns is-layout-flex wp-container-core-columns-is-layout-9d6595d7 wp-block-columns-is-layout-flex\">\n<div class=\"wp-block-column is-vertically-aligned-top is-layout-flow wp-block-column-is-layout-flow\" style=\"flex-basis:66.66%\">\n<p>Bist du auf der Suche nach Ruhe und Balance in deinem Leben?<\/p>\n\n\n\n<p>Bedr\u00fccken dich wiederkehrende Probleme und du willst den Kern anpacken?<\/p>\n\n\n\n<p>Willst du deine Grenzen besser kennenlernen und erfahren wie du sie sch\u00fctzen kannst?<\/p>\n\n\n\n<p>Wirst du gehindert durch Unzufriedenheit, negative Gedanken, Angst oder Perfektion?<\/p>\n\n\n\n<p>F\u00e4llt es dir wegen vergangener, schmerzvoller Erlebnissen schwer zu glauben?<\/p>\n\n\n\n<p>Verlangst du nach Freiheit, mehr Energie und Selbstvertrauen?<\/p>\n\n\n\n<blockquote class=\"wp-block-quote has-text-align-center is-layout-flow wp-block-quote-is-layout-flow\">\n<p>&#8220;Mache dich auf, werde licht; denn dein Licht kommt,<br>und die Herrlichkeit des Herrn geht auf \u00fcber dir!&#8221;<\/p>\n<cite>Jesaja 60:1<\/cite><\/blockquote>\n<\/div>\n\n\n\n<div class=\"wp-block-column is-layout-flow wp-block-column-is-layout-flow\" style=\"flex-basis:33.33%\">\n<figure class=\"wp-block-image size-large\"><img loading=\"lazy\" decoding=\"async\" width=\"726\" height=\"1024\" src=\"https:\/\/thepraysingvoice.ch\/wp-content\/uploads\/2022\/10\/Zonder-titel-10.5-x-14.8-cm-726x1024.png\" alt=\"\" class=\"wp-image-484\" srcset=\"https:\/\/thepraysingvoice.ch\/wp-content\/uploads\/2022\/10\/Zonder-titel-10.5-x-14.8-cm-726x1024.png 726w, https:\/\/thepraysingvoice.ch\/wp-content\/uploads\/2022\/10\/Zonder-titel-10.5-x-14.8-cm-213x300.png 213w, https:\/\/thepraysingvoice.ch\/wp-content\/uploads\/2022\/10\/Zonder-titel-10.5-x-14.8-cm-768x1083.png 768w, https:\/\/thepraysingvoice.ch\/wp-content\/uploads\/2022\/10\/Zonder-titel-10.5-x-14.8-cm-1090x1536.png 1090w, https:\/\/thepraysingvoice.ch\/wp-content\/uploads\/2022\/10\/Zonder-titel-10.5-x-14.8-cm-454x640.png 454w, https:\/\/thepraysingvoice.ch\/wp-content\/uploads\/2022\/10\/Zonder-titel-10.5-x-14.8-cm.png 1240w\" sizes=\"auto, (max-width: 726px) 100vw, 726px\" \/><\/figure>\n<\/div>\n<\/div>\n\n\n\n<div class=\"wp-block-columns is-layout-flex wp-container-core-columns-is-layout-9d6595d7 wp-block-columns-is-layout-flex\">\n<div class=\"wp-block-column is-vertically-aligned-top is-layout-flow wp-block-column-is-layout-flow\">\n<figure class=\"wp-block-image size-large\"><img loading=\"lazy\" decoding=\"async\" width=\"1024\" height=\"726\" src=\"https:\/\/thepraysingvoice.ch\/wp-content\/uploads\/2022\/10\/Musik-und-Kreativitat-2-1024x726.png\" alt=\"\" class=\"wp-image-320\" srcset=\"https:\/\/thepraysingvoice.ch\/wp-content\/uploads\/2022\/10\/Musik-und-Kreativitat-2-1024x726.png 1024w, https:\/\/thepraysingvoice.ch\/wp-content\/uploads\/2022\/10\/Musik-und-Kreativitat-2-300x213.png 300w, https:\/\/thepraysingvoice.ch\/wp-content\/uploads\/2022\/10\/Musik-und-Kreativitat-2-768x545.png 768w, https:\/\/thepraysingvoice.ch\/wp-content\/uploads\/2022\/10\/Musik-und-Kreativitat-2-1536x1090.png 1536w, https:\/\/thepraysingvoice.ch\/wp-content\/uploads\/2022\/10\/Musik-und-Kreativitat-2-640x454.png 640w, https:\/\/thepraysingvoice.ch\/wp-content\/uploads\/2022\/10\/Musik-und-Kreativitat-2.png 1748w\" sizes=\"auto, (max-width: 1024px) 100vw, 1024px\" \/><\/figure>\n<\/div>\n\n\n\n<div class=\"wp-block-column is-vertically-aligned-top is-layout-flow wp-block-column-is-layout-flow\">\n<p><strong><span style=\"text-decoration: underline;\">Los geht\u2019s<\/span><\/strong><\/p>\n\n\n\n<p>Jeder Tag ist ein Geschenk Gottes. Als christlichen Coach helfe ich dir, dass du zusammen mit Gott die richtige Balance findest.<\/p>\n\n\n\n<p>Ein Problem entsteht nicht aus dem Nichts, auch deines hat eine Geschichte. Darum beginnen wir mit der Vergangenheit: Was ist deine Lebensgeschichte, welche Routinen und Gewohnheiten sind im Laufe der Jahre entstanden? Auf kreative Art und Weise werden wir an deiner Vergangenheit arbeiten damit du sie akzeptieren lernst und du mit Altem aufr\u00e4umen kannst.<\/p>\n<\/div>\n<\/div>\n\n\n\n<div class=\"wp-block-columns is-layout-flex wp-container-core-columns-is-layout-9d6595d7 wp-block-columns-is-layout-flex\">\n<div class=\"wp-block-column is-layout-flow wp-block-column-is-layout-flow\">\n<p><strong><span style=\"text-decoration: underline;\">Dein Ziel<\/span><\/strong><\/p>\n\n\n\n<p>Danach richten wir unsern Blick auf dein Leben, so wie es jetzt ist: Wo stehst du heute? Wovon tr\u00e4umst du? Wir suchen zusammen wie du zu deinen W\u00fcnschen, Tr\u00e4umen und Zielen kommst. Du lernst dich immer besser kennen: deine St\u00e4rken als auch deine Fallstricke. Schritt f\u00fcr Schritt wirst du wieder der Dirigent deines Lebens.<\/p>\n\n\n\n<blockquote class=\"wp-block-quote has-text-align-center is-layout-flow wp-block-quote-is-layout-flow\">\n<p>&#8220;Barmherzig und gn\u00e4dig ist der Herr, geduldig<br>und von grosser G\u00fcte.&#8221;<\/p>\n<cite>Psalm 103:8<\/cite><\/blockquote>\n<\/div>\n\n\n\n<div class=\"wp-block-column is-vertically-aligned-bottom is-layout-flow wp-block-column-is-layout-flow\">\n<figure class=\"wp-block-image size-large\"><img loading=\"lazy\" decoding=\"async\" width=\"1024\" height=\"653\" src=\"https:\/\/thepraysingvoice.ch\/wp-content\/uploads\/2022\/08\/yeah-1024x653.jpg\" alt=\"\" class=\"wp-image-62\" srcset=\"https:\/\/thepraysingvoice.ch\/wp-content\/uploads\/2022\/08\/yeah-1024x653.jpg 1024w, https:\/\/thepraysingvoice.ch\/wp-content\/uploads\/2022\/08\/yeah-300x191.jpg 300w, https:\/\/thepraysingvoice.ch\/wp-content\/uploads\/2022\/08\/yeah-768x490.jpg 768w, https:\/\/thepraysingvoice.ch\/wp-content\/uploads\/2022\/08\/yeah-1536x980.jpg 1536w, https:\/\/thepraysingvoice.ch\/wp-content\/uploads\/2022\/08\/yeah-640x408.jpg 640w, https:\/\/thepraysingvoice.ch\/wp-content\/uploads\/2022\/08\/yeah.jpg 1920w\" sizes=\"auto, (max-width: 1024px) 100vw, 1024px\" \/><\/figure>\n<\/div>\n<\/div>\n\n\n\n<div class=\"wp-block-columns is-layout-flex wp-container-core-columns-is-layout-9d6595d7 wp-block-columns-is-layout-flex\">\n<div class=\"wp-block-column is-layout-flow wp-block-column-is-layout-flow\">\n<figure class=\"wp-block-image size-large\"><img loading=\"lazy\" decoding=\"async\" width=\"1024\" height=\"726\" src=\"https:\/\/thepraysingvoice.ch\/wp-content\/uploads\/2022\/10\/Ontwerp-zonder-titel-21-1024x726.png\" alt=\"\" class=\"wp-image-310\" srcset=\"https:\/\/thepraysingvoice.ch\/wp-content\/uploads\/2022\/10\/Ontwerp-zonder-titel-21-1024x726.png 1024w, https:\/\/thepraysingvoice.ch\/wp-content\/uploads\/2022\/10\/Ontwerp-zonder-titel-21-300x213.png 300w, https:\/\/thepraysingvoice.ch\/wp-content\/uploads\/2022\/10\/Ontwerp-zonder-titel-21-768x545.png 768w, https:\/\/thepraysingvoice.ch\/wp-content\/uploads\/2022\/10\/Ontwerp-zonder-titel-21-1536x1090.png 1536w, https:\/\/thepraysingvoice.ch\/wp-content\/uploads\/2022\/10\/Ontwerp-zonder-titel-21-640x454.png 640w, https:\/\/thepraysingvoice.ch\/wp-content\/uploads\/2022\/10\/Ontwerp-zonder-titel-21.png 1748w\" sizes=\"auto, (max-width: 1024px) 100vw, 1024px\" \/><\/figure>\n<\/div>\n\n\n\n<div class=\"wp-block-column is-layout-flow wp-block-column-is-layout-flow\">\n<p><strong><span style=\"text-decoration: underline;\">Wertvoll<\/span><\/strong><\/p>\n\n\n\n<p>Du bist wertvoll in den Augen Gottes. In der Bibel kannst du das an vielen Stellen lesen, wie zum Beispiel: Wie eine Perle in Seiner Hand (Matth\u00e4us 13:45-46). Das Coaching hilft dir, um dich auch (wieder) als Perle sehen zu lernen.<\/p>\n<\/div>\n<\/div>\n\n\n\n<div class=\"wp-block-columns is-layout-flex wp-container-core-columns-is-layout-9d6595d7 wp-block-columns-is-layout-flex\">\n<div class=\"wp-block-column is-layout-flow wp-block-column-is-layout-flow\">\n<p><strong><span style=\"text-decoration: underline;\">Massarbeit<\/span><\/strong><\/p>\n\n\n\n<p>Jede Person ist einzigartig, deshalb ist jedes Coaching der \u2018The Pray-Sing Voice\u2019 massgeschneidert. Je nach Wunsch kann ins Coaching Musik und Kreativit\u00e4t einbezogen werden. Wir k\u00f6nnen zum Beispiel Lieder singen die gerade zum Thema passen oder ein eigenes Lied schreiben. Die Musik kann uns noch tiefer ber\u00fchren als Worte. Betend werden wir Gottes Weg f\u00fcr dich suchen.<\/p>\n<\/div>\n\n\n\n<div class=\"wp-block-column is-layout-flow wp-block-column-is-layout-flow\">\n<figure class=\"wp-block-image size-large\"><img loading=\"lazy\" decoding=\"async\" width=\"1024\" height=\"726\" src=\"https:\/\/thepraysingvoice.ch\/wp-content\/uploads\/2022\/10\/Musik-und-Kreativitat-1-1024x726.png\" alt=\"\" class=\"wp-image-318\" srcset=\"https:\/\/thepraysingvoice.ch\/wp-content\/uploads\/2022\/10\/Musik-und-Kreativitat-1-1024x726.png 1024w, https:\/\/thepraysingvoice.ch\/wp-content\/uploads\/2022\/10\/Musik-und-Kreativitat-1-300x213.png 300w, https:\/\/thepraysingvoice.ch\/wp-content\/uploads\/2022\/10\/Musik-und-Kreativitat-1-768x545.png 768w, https:\/\/thepraysingvoice.ch\/wp-content\/uploads\/2022\/10\/Musik-und-Kreativitat-1-1536x1090.png 1536w, https:\/\/thepraysingvoice.ch\/wp-content\/uploads\/2022\/10\/Musik-und-Kreativitat-1-640x454.png 640w, https:\/\/thepraysingvoice.ch\/wp-content\/uploads\/2022\/10\/Musik-und-Kreativitat-1.png 1748w\" sizes=\"auto, (max-width: 1024px) 100vw, 1024px\" \/><\/figure>\n<\/div>\n<\/div>\n\n\n\n<div class=\"wp-block-columns is-layout-flex wp-container-core-columns-is-layout-9d6595d7 wp-block-columns-is-layout-flex\">\n<div class=\"wp-block-column is-layout-flow wp-block-column-is-layout-flow\">\n<figure class=\"wp-block-image size-full\"><img loading=\"lazy\" decoding=\"async\" width=\"800\" height=\"800\" src=\"https:\/\/thepraysingvoice.ch\/wp-content\/uploads\/2022\/10\/Over-TotalBalance-coaching-methode.jpg\" alt=\"\" class=\"wp-image-304\" srcset=\"https:\/\/thepraysingvoice.ch\/wp-content\/uploads\/2022\/10\/Over-TotalBalance-coaching-methode.jpg 800w, https:\/\/thepraysingvoice.ch\/wp-content\/uploads\/2022\/10\/Over-TotalBalance-coaching-methode-300x300.jpg 300w, https:\/\/thepraysingvoice.ch\/wp-content\/uploads\/2022\/10\/Over-TotalBalance-coaching-methode-150x150.jpg 150w, https:\/\/thepraysingvoice.ch\/wp-content\/uploads\/2022\/10\/Over-TotalBalance-coaching-methode-768x768.jpg 768w, https:\/\/thepraysingvoice.ch\/wp-content\/uploads\/2022\/10\/Over-TotalBalance-coaching-methode-640x640.jpg 640w\" sizes=\"auto, (max-width: 800px) 100vw, 800px\" \/><\/figure>\n<\/div>\n\n\n\n<div class=\"wp-block-column is-layout-flow wp-block-column-is-layout-flow\">\n<p><strong><span style=\"text-decoration: underline;\">Methode<\/span><\/strong><\/p>\n\n\n\n<p>W\u00e4hrend des Coachings arbeite ich mit selber entwickeltem Material in Kombination mit der effektive und lebensver\u00e4ndernden <a href=\"https:\/\/thepraysingvoice.ch\/?page_id=119\">TotalBalance-Methode.<\/a> Hiermit packen wir die Herausforderung an der Quelle, damit du wirklich weiterkommst.<\/p>\n\n\n\n<div class=\"wp-block-buttons is-content-justification-center is-layout-flex wp-container-core-buttons-is-layout-16018d1d wp-block-buttons-is-layout-flex\">\n<div class=\"wp-block-button\"><a class=\"wp-block-button__link wp-element-button\" href=\"https:\/\/thepraysingvoice.ch\/?page_id=119\">TotalBalance<\/a><\/div>\n<\/div>\n<\/div>\n<\/div>\n\n\n\n<div class=\"wp-block-columns is-layout-flex wp-container-core-columns-is-layout-9d6595d7 wp-block-columns-is-layout-flex\">\n<div class=\"wp-block-column is-layout-flow wp-block-column-is-layout-flow\" style=\"flex-basis:66.66%\">\n<p>Carianne Ros, Gr\u00fcnderin von TotalBalance hat diese wundervolle Methode basieren auf \u00fcber zwanzig Jahren Erfahrung als christliche Therapeutin und pers\u00f6nlichen Coach entwickelt. In den Niederlanden ist TotalBalance mittlerweile schon ein grosses Netzwerk mit vielen christlichen Coaches, die sich alle einsetzen, um noch mehr Menschen n\u00e4her zu Gott zu begleiten. Bist du interessiert, m\u00f6chtest du auch ein TotalBalance-Coach werden?<\/p>\n\n\n\n<p>TotalBalance ist eine Mischung aus Coaching und Therapie, basierend auf Seelsorge. Wir arbeiten nach biblischen Prinzipien\/Grunds\u00e4tzen. Der Ausgangspunkt ist, dass wir nicht aus eigener Kraft arbeiten, sondern dass wir uns durch den Heiligen Geist leiten lassen und durch die Liebe die Jesus uns gelehrt und gezeigt hat. Gemeinsam suchen wir die Ziele f\u00fcr dein ideales Leben: Das Leben, welches Gott dir schenken will, privat und beruflich. Das Ziel ist, dass du Heilung findest und (wieder) in Balance kommst mit Gott, dir selbst und deiner Umgebung.<\/p>\n<\/div>\n\n\n\n<div class=\"wp-block-column is-layout-flow wp-block-column-is-layout-flow\" style=\"flex-basis:33.33%\">\n<figure class=\"wp-block-image size-large\"><img loading=\"lazy\" decoding=\"async\" width=\"1024\" height=\"1024\" src=\"https:\/\/thepraysingvoice.ch\/wp-content\/uploads\/2022\/10\/TB-CH-Facebook-profielfoto-1024x1024.png\" alt=\"\" class=\"wp-image-571\" srcset=\"https:\/\/thepraysingvoice.ch\/wp-content\/uploads\/2022\/10\/TB-CH-Facebook-profielfoto-1024x1024.png 1024w, https:\/\/thepraysingvoice.ch\/wp-content\/uploads\/2022\/10\/TB-CH-Facebook-profielfoto-300x300.png 300w, https:\/\/thepraysingvoice.ch\/wp-content\/uploads\/2022\/10\/TB-CH-Facebook-profielfoto-150x150.png 150w, https:\/\/thepraysingvoice.ch\/wp-content\/uploads\/2022\/10\/TB-CH-Facebook-profielfoto-768x768.png 768w, https:\/\/thepraysingvoice.ch\/wp-content\/uploads\/2022\/10\/TB-CH-Facebook-profielfoto-640x640.png 640w, https:\/\/thepraysingvoice.ch\/wp-content\/uploads\/2022\/10\/TB-CH-Facebook-profielfoto.png 1080w\" sizes=\"auto, (max-width: 1024px) 100vw, 1024px\" \/><\/figure>\n<\/div>\n<\/div>\n\n\n\n<div class=\"wp-block-columns is-layout-flex wp-container-core-columns-is-layout-9d6595d7 wp-block-columns-is-layout-flex\">\n<div class=\"wp-block-column is-layout-flow wp-block-column-is-layout-flow\">\n<figure class=\"wp-block-image size-large\"><img loading=\"lazy\" decoding=\"async\" width=\"1024\" height=\"726\" src=\"https:\/\/thepraysingvoice.ch\/wp-content\/uploads\/2022\/10\/Musik-und-Kreativitat-5-1-1024x726.png\" alt=\"\" class=\"wp-image-375\" srcset=\"https:\/\/thepraysingvoice.ch\/wp-content\/uploads\/2022\/10\/Musik-und-Kreativitat-5-1-1024x726.png 1024w, https:\/\/thepraysingvoice.ch\/wp-content\/uploads\/2022\/10\/Musik-und-Kreativitat-5-1-300x213.png 300w, https:\/\/thepraysingvoice.ch\/wp-content\/uploads\/2022\/10\/Musik-und-Kreativitat-5-1-768x545.png 768w, https:\/\/thepraysingvoice.ch\/wp-content\/uploads\/2022\/10\/Musik-und-Kreativitat-5-1-1536x1090.png 1536w, https:\/\/thepraysingvoice.ch\/wp-content\/uploads\/2022\/10\/Musik-und-Kreativitat-5-1-640x454.png 640w, https:\/\/thepraysingvoice.ch\/wp-content\/uploads\/2022\/10\/Musik-und-Kreativitat-5-1.png 1748w\" sizes=\"auto, (max-width: 1024px) 100vw, 1024px\" \/><\/figure>\n<\/div>\n\n\n\n<div class=\"wp-block-column is-layout-flow wp-block-column-is-layout-flow\">\n<p><strong><span style=\"text-decoration: underline;\">Gratis TotalBalance Mini-Training:<\/span><\/strong><\/p>\n\n\n\n<p>\u2714&nbsp;Du kennst die drei Schritte welche du setzen musst um in Frieden und Ausgeglichenheit zu leben.<\/p>\n\n\n\n<p>\u2714&nbsp;Du hast den \u00dcberblick wie du voran kommen kannst.<\/p>\n\n\n\n<p>\u2714&nbsp;Du weisst, warum es wichtig ist, deine Vergangenheit zu verarbeiten und sie zu akzeptieren.<\/p>\n\n\n\n<p>\u2714&nbsp;Du weisst, wie du herausfindest wer du bist und was du von Herzen m\u00f6chtest und dich motiviert.<\/p>\n\n\n\n<p>Finde <a href=\"https:\/\/thepraysingvoice.ch\/?page_id=342\">hier <\/a>das Gratis TotalBalance Mini-Training!<\/p>\n<\/div>\n<\/div>\n\n\n\n<p><strong><span style=\"text-decoration: underline;\">Ort<\/span><\/strong><\/p>\n\n\n\n<p>Die Coaching-Gespr\u00e4che und der Unterricht finden in B\u00f6singen, M\u00fchleberg oder online statt.<\/p>\n","protected":false},"excerpt":{"rendered":"<p>Bist du auf der Suche nach Ruhe und Balance in deinem Leben? Bedr\u00fccken dich wiederkehrende Probleme und du willst den Kern anpacken? Willst du deine Grenzen besser kennenlernen und erfahren wie du sie sch\u00fctzen kannst? Wirst du gehindert durch Unzufriedenheit, negative Gedanken, Angst oder&#8230;<\/p>\n","protected":false},"author":1,"featured_media":0,"parent":0,"menu_order":2,"comment_status":"closed","ping_status":"closed","template":"","meta":{"footnotes":""},"class_list":["post-24","page","type-page","status-publish","hentry"],"_links":{"self":[{"href":"https:\/\/thepraysingvoice.ch\/index.php?rest_route=\/wp\/v2\/pages\/24","targetHints":{"allow":["GET"]}}],"collection":[{"href":"https:\/\/thepraysingvoice.ch\/index.php?rest_route=\/wp\/v2\/pages"}],"about":[{"href":"https:\/\/thepraysingvoice.ch\/index.php?rest_route=\/wp\/v2\/types\/page"}],"author":[{"embeddable":true,"href":"https:\/\/thepraysingvoice.ch\/index.php?rest_route=\/wp\/v2\/users\/1"}],"replies":[{"embeddable":true,"href":"https:\/\/thepraysingvoice.ch\/index.php?rest_route=%2Fwp%2Fv2%2Fcomments&post=24"}],"version-history":[{"count":63,"href":"https:\/\/thepraysingvoice.ch\/index.php?rest_route=\/wp\/v2\/pages\/24\/revisions"}],"predecessor-version":[{"id":678,"href":"https:\/\/thepraysingvoice.ch\/index.php?rest_route=\/wp\/v2\/pages\/24\/revisions\/678"}],"wp:attachment":[{"href":"https:\/\/thepraysingvoice.ch\/index.php?rest_route=%2Fwp%2Fv2%2Fmedia&parent=24"}],"curies":[{"name":"wp","href":"https:\/\/api.w.org\/{rel}","templated":true}]}}