{"id":21,"date":"2022-08-19T16:27:33","date_gmt":"2022-08-19T16:27:33","guid":{"rendered":"https:\/\/thepraysingvoice.ch\/?page_id=21"},"modified":"2023-01-31T12:20:04","modified_gmt":"2023-01-31T12:20:04","slug":"lass-deine-seele-singen","status":"publish","type":"page","link":"https:\/\/thepraysingvoice.ch\/","title":{"rendered":"Lass deine Seele singen"},"content":{"rendered":"\n<blockquote class=\"wp-block-quote has-text-align-center is-layout-flow wp-block-quote-is-layout-flow\">\n<p>&#8220;Nun aber bleiben Glaube, Hoffnung, Liebe, diese drei; aber die Liebe ist die gr\u00f6sste unter ihnen.&#8221;<\/p>\n<cite>1 Korinther 13:13<\/cite><\/blockquote>\n\n\n\n<div class=\"wp-block-columns is-layout-flex wp-container-core-columns-is-layout-9d6595d7 wp-block-columns-is-layout-flex\">\n<div class=\"wp-block-column is-layout-flow wp-block-column-is-layout-flow\">\n<p><strong><span style=\"text-decoration: underline;\">Individuelles Coaching<\/span><\/strong><\/p>\n\n\n\n<figure class=\"wp-block-image size-large\"><img loading=\"lazy\" decoding=\"async\" width=\"1024\" height=\"726\" src=\"https:\/\/thepraysingvoice.ch\/wp-content\/uploads\/2022\/10\/Ontwerp-zonder-titel-21-1-1024x726.png\" alt=\"\" class=\"wp-image-519\" srcset=\"https:\/\/thepraysingvoice.ch\/wp-content\/uploads\/2022\/10\/Ontwerp-zonder-titel-21-1-1024x726.png 1024w, https:\/\/thepraysingvoice.ch\/wp-content\/uploads\/2022\/10\/Ontwerp-zonder-titel-21-1-300x213.png 300w, https:\/\/thepraysingvoice.ch\/wp-content\/uploads\/2022\/10\/Ontwerp-zonder-titel-21-1-768x545.png 768w, https:\/\/thepraysingvoice.ch\/wp-content\/uploads\/2022\/10\/Ontwerp-zonder-titel-21-1-1536x1090.png 1536w, https:\/\/thepraysingvoice.ch\/wp-content\/uploads\/2022\/10\/Ontwerp-zonder-titel-21-1-640x454.png 640w, https:\/\/thepraysingvoice.ch\/wp-content\/uploads\/2022\/10\/Ontwerp-zonder-titel-21-1.png 1748w\" sizes=\"auto, (max-width: 1024px) 100vw, 1024px\" \/><\/figure>\n\n\n\n<p><span style=\"text-decoration: underline;\">Es ist so wichtig:<\/span><\/p>\n\n\n\n<ul class=\"wp-block-list\">\n<li>Dass die Vergangenheit gut zu verarbeiten damit man frei leben kann. <br>&#8211; Vergangenheit: Wer war ich?<br><\/li>\n\n\n\n<li>Den Alltag stressfrei meistern zu k\u00f6nnen und sich selbst gut zu kennen. <br>&#8211; Gegenwart: Wer bin ich?<br><\/li>\n\n\n\n<li>Die Herzensw\u00fcnsche und tr\u00e4ume ernst zu nehmen und sie anzustreben. <br>&#8211; Zufkunft: Wer werde ich?<br><\/li>\n<\/ul>\n<\/div>\n\n\n\n<div class=\"wp-block-column is-layout-flow wp-block-column-is-layout-flow\">\n<p><strong><span style=\"text-decoration: underline;\">Musikalisches &amp; kreatives Coaching<\/span><\/strong><\/p>\n\n\n\n<figure class=\"wp-block-image size-large\"><img loading=\"lazy\" decoding=\"async\" width=\"1024\" height=\"726\" src=\"https:\/\/thepraysingvoice.ch\/wp-content\/uploads\/2022\/10\/Musik-und-Kreativitat-1-1-1024x726.png\" alt=\"\" class=\"wp-image-514\" srcset=\"https:\/\/thepraysingvoice.ch\/wp-content\/uploads\/2022\/10\/Musik-und-Kreativitat-1-1-1024x726.png 1024w, https:\/\/thepraysingvoice.ch\/wp-content\/uploads\/2022\/10\/Musik-und-Kreativitat-1-1-300x213.png 300w, https:\/\/thepraysingvoice.ch\/wp-content\/uploads\/2022\/10\/Musik-und-Kreativitat-1-1-768x545.png 768w, https:\/\/thepraysingvoice.ch\/wp-content\/uploads\/2022\/10\/Musik-und-Kreativitat-1-1-1536x1090.png 1536w, https:\/\/thepraysingvoice.ch\/wp-content\/uploads\/2022\/10\/Musik-und-Kreativitat-1-1-640x454.png 640w, https:\/\/thepraysingvoice.ch\/wp-content\/uploads\/2022\/10\/Musik-und-Kreativitat-1-1.png 1748w\" sizes=\"auto, (max-width: 1024px) 100vw, 1024px\" \/><\/figure>\n\n\n\n<p><span style=\"text-decoration: underline;\">Mit Hilfe von der Musik und der Kreativit\u00e4t:<\/span><\/p>\n\n\n\n<ul class=\"wp-block-list\">\n<li>K\u00f6nnen Emotionen einfacher benannt und erkannt werden.<\/li>\n\n\n\n<li>Verarbeitet man einfacher.<\/li>\n\n\n\n<li>Kann man noch besser f\u00fchlen.<\/li>\n\n\n\n<li>Ber\u00fchrt und sp\u00fcrt man das Herz.<\/li>\n\n\n\n<li>Ist Entspannen einfacher.<\/li>\n\n\n\n<li>Werden Tr\u00e4ume und W\u00fcnsche sonnenklar.<\/li>\n\n\n\n<li>Geniesst man.<\/li>\n\n\n\n<li>Kommuniziert man einfacher.<\/li>\n\n\n\n<li>H\u00f6rt und versteht man die Welt besser.<\/li>\n<\/ul>\n<\/div>\n\n\n\n<div class=\"wp-block-column is-layout-flow wp-block-column-is-layout-flow\">\n<p><strong><span style=\"text-decoration: underline;\">TotalBalance Basis Coach Ausbildung<\/span><\/strong><\/p>\n\n\n\n<figure class=\"wp-block-image size-large\"><img loading=\"lazy\" decoding=\"async\" width=\"1024\" height=\"726\" src=\"https:\/\/thepraysingvoice.ch\/wp-content\/uploads\/2022\/10\/Coaching-1024x726.png\" alt=\"\" class=\"wp-image-660\" srcset=\"https:\/\/thepraysingvoice.ch\/wp-content\/uploads\/2022\/10\/Coaching-1024x726.png 1024w, https:\/\/thepraysingvoice.ch\/wp-content\/uploads\/2022\/10\/Coaching-300x213.png 300w, https:\/\/thepraysingvoice.ch\/wp-content\/uploads\/2022\/10\/Coaching-768x545.png 768w, https:\/\/thepraysingvoice.ch\/wp-content\/uploads\/2022\/10\/Coaching-1536x1090.png 1536w, https:\/\/thepraysingvoice.ch\/wp-content\/uploads\/2022\/10\/Coaching-640x454.png 640w, https:\/\/thepraysingvoice.ch\/wp-content\/uploads\/2022\/10\/Coaching.png 1748w\" sizes=\"auto, (max-width: 1024px) 100vw, 1024px\" \/><\/figure>\n\n\n\n<p><span style=\"text-decoration: underline;\">TotalBalance bietet:<\/span><\/p>\n\n\n\n<ul class=\"wp-block-list\">\n<li>Eine biblisch fundierte und in der Praxis schon oft bewiesene TotalBalance Methode.<\/li>\n\n\n\n<li>S\u00e4mtliche Coach-F\u00e4higkeiten, Hilfsmitteln, Techniken, \u00dcbungen, usw. zum coachen.<\/li>\n\n\n\n<li>Ein Netzwerk f\u00fcr alle TotalBalance Coaches.<\/li>\n\n\n\n<li>Wissen, damit jeder TotalBalance Coach weiss wie er\/sie t\u00e4glich in guter Balans leben kann und jeden Tag durch Gottes Gnade, Kraft und Weisheit, mit Liebe Coachen kann.<\/li>\n<\/ul>\n<\/div>\n<\/div>\n\n\n\n<div class=\"wp-block-columns is-layout-flex wp-container-core-columns-is-layout-9d6595d7 wp-block-columns-is-layout-flex\">\n<div class=\"wp-block-column is-layout-flow wp-block-column-is-layout-flow\">\n<div class=\"wp-block-buttons is-content-justification-center is-layout-flex wp-container-core-buttons-is-layout-16018d1d wp-block-buttons-is-layout-flex\">\n<div class=\"wp-block-button\"><a class=\"wp-block-button__link wp-element-button\" href=\"https:\/\/thepraysingvoice.ch\/?page_id=24\">Individuelles Coaching<\/a><\/div>\n<\/div>\n<\/div>\n\n\n\n<div class=\"wp-block-column is-layout-flow wp-block-column-is-layout-flow\">\n<div class=\"wp-block-buttons is-content-justification-center is-layout-flex wp-container-core-buttons-is-layout-16018d1d wp-block-buttons-is-layout-flex\">\n<div class=\"wp-block-button\"><a class=\"wp-block-button__link wp-element-button\" href=\"https:\/\/thepraysingvoice.ch\/?page_id=26\">Coaching und Musik<\/a><\/div>\n<\/div>\n<\/div>\n\n\n\n<div class=\"wp-block-column is-layout-flow wp-block-column-is-layout-flow\">\n<div class=\"wp-block-buttons is-content-justification-center is-layout-flex wp-container-core-buttons-is-layout-16018d1d wp-block-buttons-is-layout-flex\">\n<div class=\"wp-block-button\"><a class=\"wp-block-button__link wp-element-button\" href=\"https:\/\/thepraysingvoice.ch\/?page_id=119\">Basis Coach Ausbildung<\/a><\/div>\n<\/div>\n<\/div>\n<\/div>\n\n\n\n<blockquote class=\"wp-block-quote has-text-align-center is-layout-flow wp-block-quote-is-layout-flow\">\n<p>&#8220;Denn wenn der gute Wille da ist, so ist jeder willkommen nach dem, was er hat, nicht nach dem, was er nicht hat.&#8221;<\/p>\n<cite>2 Korinther 8:12<\/cite><\/blockquote>\n\n\n\n<div class=\"wp-block-columns is-layout-flex wp-container-core-columns-is-layout-9d6595d7 wp-block-columns-is-layout-flex\">\n<div class=\"wp-block-column is-layout-flow wp-block-column-is-layout-flow\">\n<p>In guten wie in schweren Zeiten will Gott bei dir sein. Vielleicht singst du den ganzen Tag davon und m\u00f6chtest deine Stimme noch besser klingen lassen. Vielleicht ist dir Gott fremd und du hast noch nie von Ihm geh\u00f6rt. Kennst du das Gef\u00fchl von Einsamkeit in deiner Seele?<\/p>\n\n\n\n<p>Mit The Pray-Sing Voice helfe ich dir gerne mit pers\u00f6nlichem Coaching und\/oder Musik- Gesangsstunden. Als christliche Coach und Gesangslehrerin bin ich \u00fcberzeugt, dass Gott deine Stimme h\u00f6ren will, ob du redest, betest oder singst. In der Bibel lesen wir an so vielen Stellen, dass Er dir in guten sowie in schweren Zeiten zuh\u00f6ren m\u00f6chte.<\/p>\n\n\n\n<p>M\u00f6chtest du Gott mit Musik nahen und ehren? Oder bist du m\u00fcde, vielleicht sogar ersch\u00f6pft, unzufrieden und auf der Suche nach einem ausgeglichenem Leben? Mit The Pray-Sing Voice helfe ich dir gerne weiter: im pers\u00f6nlichen Coaching, Musik- Gesangsunterricht oder Musikcoaching \u2013 damit deine Seele bald frei singt!<\/p>\n\n\n\n<blockquote class=\"wp-block-quote has-text-align-center is-layout-flow wp-block-quote-is-layout-flow\">\n<p>&#8220;Alles, was Odem hat, lobe den Herrn! Halleluja!&#8221;<\/p>\n<cite>Psalm 150:6<\/cite><\/blockquote>\n<\/div>\n\n\n\n<div class=\"wp-block-column is-vertically-aligned-center is-layout-flow wp-block-column-is-layout-flow\">\n<figure class=\"wp-block-image size-large\"><img loading=\"lazy\" decoding=\"async\" width=\"682\" height=\"1024\" src=\"https:\/\/thepraysingvoice.ch\/wp-content\/uploads\/2022\/08\/freely-10151-682x1024.jpg\" alt=\"\" class=\"wp-image-55\" srcset=\"https:\/\/thepraysingvoice.ch\/wp-content\/uploads\/2022\/08\/freely-10151-682x1024.jpg 682w, https:\/\/thepraysingvoice.ch\/wp-content\/uploads\/2022\/08\/freely-10151-200x300.jpg 200w, https:\/\/thepraysingvoice.ch\/wp-content\/uploads\/2022\/08\/freely-10151-768x1154.jpg 768w, https:\/\/thepraysingvoice.ch\/wp-content\/uploads\/2022\/08\/freely-10151-1022x1536.jpg 1022w, https:\/\/thepraysingvoice.ch\/wp-content\/uploads\/2022\/08\/freely-10151-1363x2048.jpg 1363w, https:\/\/thepraysingvoice.ch\/wp-content\/uploads\/2022\/08\/freely-10151-426x640.jpg 426w, https:\/\/thepraysingvoice.ch\/wp-content\/uploads\/2022\/08\/freely-10151-scaled.jpg 1704w\" sizes=\"auto, (max-width: 682px) 100vw, 682px\" \/><\/figure>\n<\/div>\n<\/div>\n\n\n\n<p><\/p>\n\n\n\n<blockquote class=\"wp-block-quote has-text-align-right is-layout-flow wp-block-quote-is-layout-flow\">\n<p>&#8220;Sei stille dem Herrn und warte auf Ihn.&#8221;<\/p>\n<cite>Psalm 37:7<\/cite><\/blockquote>\n","protected":false},"excerpt":{"rendered":"<p>&#8220;Nun aber bleiben Glaube, Hoffnung, Liebe, diese drei; aber die Liebe ist die gr\u00f6sste unter ihnen.&#8221; 1 Korinther 13:13 Individuelles Coaching Es ist so wichtig: Musikalisches &amp; kreatives Coaching Mit Hilfe von der Musik und der Kreativit\u00e4t: TotalBalance Basis Coach Ausbildung TotalBalance bietet: &#8220;Denn&#8230;<\/p>\n","protected":false},"author":1,"featured_media":0,"parent":0,"menu_order":1,"comment_status":"closed","ping_status":"closed","template":"","meta":{"footnotes":""},"class_list":["post-21","page","type-page","status-publish","hentry"],"_links":{"self":[{"href":"https:\/\/thepraysingvoice.ch\/index.php?rest_route=\/wp\/v2\/pages\/21","targetHints":{"allow":["GET"]}}],"collection":[{"href":"https:\/\/thepraysingvoice.ch\/index.php?rest_route=\/wp\/v2\/pages"}],"about":[{"href":"https:\/\/thepraysingvoice.ch\/index.php?rest_route=\/wp\/v2\/types\/page"}],"author":[{"embeddable":true,"href":"https:\/\/thepraysingvoice.ch\/index.php?rest_route=\/wp\/v2\/users\/1"}],"replies":[{"embeddable":true,"href":"https:\/\/thepraysingvoice.ch\/index.php?rest_route=%2Fwp%2Fv2%2Fcomments&post=21"}],"version-history":[{"count":57,"href":"https:\/\/thepraysingvoice.ch\/index.php?rest_route=\/wp\/v2\/pages\/21\/revisions"}],"predecessor-version":[{"id":675,"href":"https:\/\/thepraysingvoice.ch\/index.php?rest_route=\/wp\/v2\/pages\/21\/revisions\/675"}],"wp:attachment":[{"href":"https:\/\/thepraysingvoice.ch\/index.php?rest_route=%2Fwp%2Fv2%2Fmedia&parent=21"}],"curies":[{"name":"wp","href":"https:\/\/api.w.org\/{rel}","templated":true}]}}